{"id":7,"date":"2025-03-30T23:08:26","date_gmt":"2025-03-30T23:08:26","guid":{"rendered":"https:\/\/bookingdehoteles.com\/?page_id=7"},"modified":"2025-03-31T05:49:31","modified_gmt":"2025-03-31T05:49:31","slug":"inicio","status":"publish","type":"page","link":"https:\/\/bookingdehoteles.com\/","title":{"rendered":"Inicio"},"content":{"rendered":"\n<div class=\"wp-block-cover alignfull\" style=\"min-height:720px;aspect-ratio:unset;\"><span aria-hidden=\"true\" class=\"wp-block-cover__background has-background-dim-90 has-background-dim has-background-gradient\" style=\"background:linear-gradient(135deg,rgb(254,205,165) 0%,rgb(254,45,45) 26%,rgb(107,0,62) 99%)\"><\/span><div class=\"wp-block-cover__inner-container is-layout-flow wp-block-cover-is-layout-flow\">\n<div class=\"inherit-container-width wp-block-group alignwide is-layout-constrained wp-block-group-is-layout-constrained\">\n<div class=\"wp-block-media-text alignwide has-media-on-the-right is-stacked-on-mobile is-vertically-aligned-center\" style=\"grid-template-columns:auto 52%\"><div class=\"wp-block-media-text__content\">\n<h1 class=\"wp-block-heading has-text-align-left has-white-color has-text-color\">RESERVA TU HOTEL <\/h1>\n\n\n\n<p class=\"has-white-color has-text-color\"><strong>800 062 4012<\/strong><\/p>\n\n\n\n<div class=\"wp-block-buttons is-layout-flex wp-block-buttons-is-layout-flex\">\n<div class=\"wp-block-button\"><a class=\"wp-block-button__link wp-element-button\" href=\"#\">RESERVA AHORA<\/a><\/div>\n<\/div>\n<\/div><figure class=\"wp-block-media-text__media\"><img loading=\"lazy\" decoding=\"async\" width=\"1024\" height=\"682\" src=\"https:\/\/bookingdehoteles.com\/wp-content\/uploads\/2025\/03\/c06f0d8d-ff01-42b5-9dd2-e02652cbce3c-1024x682.jpeg\" alt=\"\" class=\"wp-image-31 size-full\" srcset=\"https:\/\/bookingdehoteles.com\/wp-content\/uploads\/2025\/03\/c06f0d8d-ff01-42b5-9dd2-e02652cbce3c-1024x682.jpeg 1024w, https:\/\/bookingdehoteles.com\/wp-content\/uploads\/2025\/03\/c06f0d8d-ff01-42b5-9dd2-e02652cbce3c-300x200.jpeg 300w, https:\/\/bookingdehoteles.com\/wp-content\/uploads\/2025\/03\/c06f0d8d-ff01-42b5-9dd2-e02652cbce3c-768x512.jpeg 768w, https:\/\/bookingdehoteles.com\/wp-content\/uploads\/2025\/03\/c06f0d8d-ff01-42b5-9dd2-e02652cbce3c-1536x1023.jpeg 1536w, https:\/\/bookingdehoteles.com\/wp-content\/uploads\/2025\/03\/c06f0d8d-ff01-42b5-9dd2-e02652cbce3c.jpeg 1600w\" sizes=\"auto, (max-width: 1024px) 100vw, 1024px\" \/><\/figure><\/div>\n<\/div>\n<\/div><\/div>\n\n\n\n<div class=\"wp-block-group alignfull has-ast-global-color-5-background-color has-background is-layout-constrained wp-container-core-group-is-layout-9cedb757 wp-block-group-is-layout-constrained\" style=\"padding-bottom:0px\">\n<div class=\"wp-block-columns are-vertically-aligned-top is-layout-flex wp-container-core-columns-is-layout-00723822 wp-block-columns-is-layout-flex\">\n<div class=\"wp-block-column is-vertically-aligned-top is-layout-flow wp-container-core-column-is-layout-6b73ce23 wp-block-column-is-layout-flow\">\n<figure class=\"wp-block-image size-large\"><img decoding=\"async\" src=\"https:\/\/bookingdehoteles.com\/wp-content\/themes\/astra\/inc\/assets\/images\/starter-content\/building.svg\" alt=\"\" class=\"wp-image-134\"\/><\/figure>\n\n\n\n<h3 class=\"wp-block-heading has-text-align-left\" style=\"margin-top:16px\">HOTELES <\/h3>\n\n\n\n<p class=\"has-text-align-left\">Tu estancia en un hotel<br>de 5 Estrellas<\/p>\n<\/div>\n\n\n\n<div class=\"wp-block-column is-vertically-aligned-top is-layout-flow wp-container-core-column-is-layout-6b73ce23 wp-block-column-is-layout-flow\">\n<figure class=\"wp-block-image size-large\"><img decoding=\"async\" src=\"https:\/\/bookingdehoteles.com\/wp-content\/themes\/astra\/inc\/assets\/images\/starter-content\/shopping-bag.svg\" alt=\"\" class=\"wp-image-135\"\/><\/figure>\n\n\n\n<h3 class=\"wp-block-heading has-text-align-left\" style=\"margin-top:16px\">RESERVA EN LINEA<\/h3>\n\n\n\n<p class=\"has-text-align-left\">Puedes reserva tu estancia contactandonos ahora mismo.<\/p>\n<\/div>\n\n\n\n<div class=\"wp-block-column is-vertically-aligned-top is-layout-flow wp-container-core-column-is-layout-6b73ce23 wp-block-column-is-layout-flow\">\n<figure class=\"wp-block-image size-large\"><img decoding=\"async\" src=\"https:\/\/bookingdehoteles.com\/wp-content\/themes\/astra\/inc\/assets\/images\/starter-content\/blog.svg\" alt=\"\" class=\"wp-image-136\"\/><\/figure>\n\n\n\n<h3 class=\"wp-block-heading has-text-align-left\" style=\"margin-top:16px\">MEMBRESIA<\/h3>\n\n\n\n<p class=\"has-text-align-left\">Contamos con membresias semestrales o Anuales.<\/p>\n<\/div>\n\n\n\n<div class=\"wp-block-column is-vertically-aligned-top is-layout-flow wp-container-core-column-is-layout-6b73ce23 wp-block-column-is-layout-flow\">\n<figure class=\"wp-block-image size-large\"><img decoding=\"async\" src=\"https:\/\/bookingdehoteles.com\/wp-content\/themes\/astra\/inc\/assets\/images\/starter-content\/portfolio.svg\" alt=\"\" class=\"wp-image-137\"\/><\/figure>\n\n\n\n<h3 class=\"wp-block-heading has-text-align-left\" style=\"margin-top:16px\">GARANTIA<\/h3>\n\n\n\n<p class=\"has-text-align-left\">Contamos con garantia Tripadvisor<\/p>\n<\/div>\n<\/div>\n<\/div>\n\n\n\n<div class=\"wp-block-group alignfull is-layout-constrained wp-container-core-group-is-layout-45b0ac4f wp-block-group-is-layout-constrained\" id=\"services\" style=\"padding-top:144px;padding-bottom:0px\">\n<h2 class=\"wp-block-heading\">PROMOCIONES<\/h2>\n\n\n\n<div class=\"wp-block-columns is-layout-flex wp-container-core-columns-is-layout-60cbf9bb wp-block-columns-is-layout-flex\" style=\"margin-top:50px\">\n<div class=\"wp-block-column is-layout-flow wp-container-core-column-is-layout-6b73ce23 wp-block-column-is-layout-flow\">\n<figure class=\"wp-block-image size-full\"><img loading=\"lazy\" decoding=\"async\" width=\"960\" height=\"640\" src=\"https:\/\/bookingdehoteles.com\/wp-content\/uploads\/2025\/03\/0017-hard-rock-guadalajara-0709.webp\" alt=\"\" class=\"wp-image-24\" srcset=\"https:\/\/bookingdehoteles.com\/wp-content\/uploads\/2025\/03\/0017-hard-rock-guadalajara-0709.webp 960w, https:\/\/bookingdehoteles.com\/wp-content\/uploads\/2025\/03\/0017-hard-rock-guadalajara-0709-300x200.webp 300w, https:\/\/bookingdehoteles.com\/wp-content\/uploads\/2025\/03\/0017-hard-rock-guadalajara-0709-768x512.webp 768w\" sizes=\"auto, (max-width: 960px) 100vw, 960px\" \/><\/figure>\n\n\n\n<h3 class=\"wp-block-heading\" style=\"margin-top:16px\">Hoteles Guadalajara<\/h3>\n\n\n\n<p><strong><em>Hoteles En Guadalajara<\/em>. Aprovecha Hasta 35% de Descuento y Facilidades de Pago. Miles de\u00a0<em>Hoteles<\/em>\u00a0con Cancelaci\u00f3n Gratis, Cambios Flexibles y Facilidades de Pago.<br><br><br><br><\/strong><\/p>\n<\/div>\n\n\n\n<div class=\"wp-block-column is-layout-flow wp-container-core-column-is-layout-6b73ce23 wp-block-column-is-layout-flow\">\n<figure class=\"wp-block-image size-full\"><img loading=\"lazy\" decoding=\"async\" width=\"900\" height=\"599\" src=\"https:\/\/bookingdehoteles.com\/wp-content\/uploads\/2025\/03\/Cancun-7.webp\" alt=\"\" class=\"wp-image-25\" srcset=\"https:\/\/bookingdehoteles.com\/wp-content\/uploads\/2025\/03\/Cancun-7.webp 900w, https:\/\/bookingdehoteles.com\/wp-content\/uploads\/2025\/03\/Cancun-7-300x200.webp 300w, https:\/\/bookingdehoteles.com\/wp-content\/uploads\/2025\/03\/Cancun-7-768x511.webp 768w\" sizes=\"auto, (max-width: 900px) 100vw, 900px\" \/><\/figure>\n\n\n\n<h3 class=\"wp-block-heading\" style=\"margin-top:16px\">Hoteles Canc\u00fan<\/h3>\n\n\n\n<p><strong>Reserva las mejores opciones de\u00a0<em>Hoteles<\/em>\u00a0en Centro de\u00a0<em>Canc\u00fan<\/em>,\u00a0<em>Canc\u00fan<\/em>, Quintana Roo, M\u00e9xico. Reserva ahora y paga despu\u00e9s a meses sin intereses<\/strong><\/p>\n<\/div>\n\n\n\n<div class=\"wp-block-column is-layout-flow wp-container-core-column-is-layout-6b73ce23 wp-block-column-is-layout-flow\">\n<figure class=\"wp-block-image size-full\"><img loading=\"lazy\" decoding=\"async\" width=\"2560\" height=\"1709\" src=\"https:\/\/bookingdehoteles.com\/wp-content\/uploads\/2025\/03\/type-entertainment-complex-popular-resort-with-pools-water-parks-turkey-with-more-than-5-million-visitors-year-amara-dolce-vita-luxury-hotel-resort-tekirova-kemer-1-scaled.jpg\" alt=\"\" class=\"wp-image-26\" srcset=\"https:\/\/bookingdehoteles.com\/wp-content\/uploads\/2025\/03\/type-entertainment-complex-popular-resort-with-pools-water-parks-turkey-with-more-than-5-million-visitors-year-amara-dolce-vita-luxury-hotel-resort-tekirova-kemer-1-scaled.jpg 2560w, https:\/\/bookingdehoteles.com\/wp-content\/uploads\/2025\/03\/type-entertainment-complex-popular-resort-with-pools-water-parks-turkey-with-more-than-5-million-visitors-year-amara-dolce-vita-luxury-hotel-resort-tekirova-kemer-1-300x200.jpg 300w, https:\/\/bookingdehoteles.com\/wp-content\/uploads\/2025\/03\/type-entertainment-complex-popular-resort-with-pools-water-parks-turkey-with-more-than-5-million-visitors-year-amara-dolce-vita-luxury-hotel-resort-tekirova-kemer-1-1024x683.jpg 1024w, https:\/\/bookingdehoteles.com\/wp-content\/uploads\/2025\/03\/type-entertainment-complex-popular-resort-with-pools-water-parks-turkey-with-more-than-5-million-visitors-year-amara-dolce-vita-luxury-hotel-resort-tekirova-kemer-1-768x513.jpg 768w, https:\/\/bookingdehoteles.com\/wp-content\/uploads\/2025\/03\/type-entertainment-complex-popular-resort-with-pools-water-parks-turkey-with-more-than-5-million-visitors-year-amara-dolce-vita-luxury-hotel-resort-tekirova-kemer-1-1536x1025.jpg 1536w, https:\/\/bookingdehoteles.com\/wp-content\/uploads\/2025\/03\/type-entertainment-complex-popular-resort-with-pools-water-parks-turkey-with-more-than-5-million-visitors-year-amara-dolce-vita-luxury-hotel-resort-tekirova-kemer-1-2048x1367.jpg 2048w\" sizes=\"auto, (max-width: 2560px) 100vw, 2560px\" \/><\/figure>\n\n\n\n<h3 class=\"wp-block-heading\" style=\"margin-top:16px\">Hoteles M\u00e9xico<\/h3>\n\n\n\n<p><strong>Reserva las mejores opciones de\u00a0<em>Hoteles en Ciudad de M\u00e9xico, Distrito Federal, M\u00e9xico<\/em>. Reserva ahora<\/strong><\/p>\n<\/div>\n<\/div>\n<\/div>\n\n\n\n<div class=\"wp-block-group alignfull has-ast-global-color-5-background-color has-background is-layout-constrained wp-container-core-group-is-layout-94d206d0 wp-block-group-is-layout-constrained\" id=\"about\" style=\"padding-top:143px;padding-bottom:144px\">\n<div class=\"wp-block-media-text has-media-on-the-right is-stacked-on-mobile is-vertically-aligned-center\"><div class=\"wp-block-media-text__content\">\n<div class=\"inherit-container-width wp-block-group is-layout-constrained wp-container-core-group-is-layout-47ce07ec wp-block-group-is-layout-constrained\" style=\"padding-right:80px\">\n<h2 class=\"wp-block-heading\" style=\"padding-right:40px\">NOSOTROS<\/h2>\n\n\n\n<p>En Booking de Hoteles, nos dedicamos a brindarte la mejor experiencia en la b\u00fasqueda y reserva de hoteles en M\u00e9xico. Con m\u00e1s de 10 a\u00f1os de experiencia en la industria, trabajamos de la mano con una selecci\u00f3n de hoteles de alta calidad para ofrecerte opciones que se adapten a todas tus necesidades y presupuesto.<\/p>\n\n\n\n<p>Nuestra misi\u00f3n es ayudarte a descubrir lo mejor de M\u00e9xico, ya sea que busques unas vacaciones de lujo, una escapada rom\u00e1ntica o una aventura en familia. Nos enorgullece ofrecer una plataforma f\u00e1cil de usar, con opciones de pago seguras y atenci\u00f3n personalizada para que tu viaje sea una experiencia inolvidable.<\/p>\n\n\n\n<p><\/p>\n<\/div>\n<\/div><figure class=\"wp-block-media-text__media\"><img loading=\"lazy\" decoding=\"async\" width=\"1024\" height=\"682\" src=\"https:\/\/bookingdehoteles.com\/wp-content\/uploads\/2025\/03\/754f5a4a-4bfa-4b7f-adbb-3b86fa20abf6-1024x682.jpeg\" alt=\"\" class=\"wp-image-33 size-full\" srcset=\"https:\/\/bookingdehoteles.com\/wp-content\/uploads\/2025\/03\/754f5a4a-4bfa-4b7f-adbb-3b86fa20abf6-1024x682.jpeg 1024w, https:\/\/bookingdehoteles.com\/wp-content\/uploads\/2025\/03\/754f5a4a-4bfa-4b7f-adbb-3b86fa20abf6-300x200.jpeg 300w, https:\/\/bookingdehoteles.com\/wp-content\/uploads\/2025\/03\/754f5a4a-4bfa-4b7f-adbb-3b86fa20abf6-768x512.jpeg 768w, https:\/\/bookingdehoteles.com\/wp-content\/uploads\/2025\/03\/754f5a4a-4bfa-4b7f-adbb-3b86fa20abf6-1536x1023.jpeg 1536w, https:\/\/bookingdehoteles.com\/wp-content\/uploads\/2025\/03\/754f5a4a-4bfa-4b7f-adbb-3b86fa20abf6.jpeg 1600w\" sizes=\"auto, (max-width: 1024px) 100vw, 1024px\" \/><\/figure><\/div>\n<\/div>\n\n\n\n<div class=\"wp-block-group alignfull has-ast-global-color-4-background-color has-background is-layout-constrained wp-container-core-group-is-layout-6a2cfb7b wp-block-group-is-layout-constrained\" id=\"reviews\">\n<figure class=\"wp-block-image aligncenter size-full\"><img decoding=\"async\" src=\"https:\/\/bookingdehoteles.com\/wp-content\/themes\/astra\/inc\/assets\/images\/starter-content\/avatar.png\" alt=\"\" class=\"wp-image-235\"\/><\/figure>\n\n\n\n<p class=\"has-text-align-center\" style=\"font-size:22px;line-height:1.6\">&#8220;Me encant\u00f3 el servicio en el hotel. Todo fue incre\u00edble, desde la llegada hasta el check-out. \u00a1Sin duda volver\u00e9 a reservar con ustedes!&#8221;<\/p>\n\n\n\n<p class=\"has-text-align-center\"><strong>Carlos R.<\/strong><\/p>\n<\/div>\n\n\n\n<div class=\"wp-block-group alignfull is-layout-constrained wp-container-core-group-is-layout-3fee123f wp-block-group-is-layout-constrained\" id=\"whyus\" style=\"padding-top:144px;padding-bottom:144px\">\n<h3 class=\"wp-block-heading\">\u00bfPORQUE ELEGIRNOS?<\/h3>\n\n\n\n<div class=\"wp-block-columns is-layout-flex wp-container-core-columns-is-layout-29aadeec wp-block-columns-is-layout-flex\" style=\"margin-top:60px\">\n<div class=\"wp-block-column is-layout-flow wp-container-core-column-is-layout-6b73ce23 wp-block-column-is-layout-flow\">\n<figure class=\"wp-block-image size-large\"><img decoding=\"async\" src=\"https:\/\/bookingdehoteles.com\/wp-content\/themes\/astra\/inc\/assets\/images\/starter-content\/passionate.svg\" alt=\"\" class=\"wp-image-162\"\/><\/figure>\n\n\n\n<h3 class=\"wp-block-heading\" style=\"margin-top:16px\">PASI\u00d3N<\/h3>\n\n\n\n<p>somos <strong>apasionados<\/strong> por brindar a nuestros clientes la mejor experiencia al momento de reservar su estancia en M\u00e9xico.<\/p>\n<\/div>\n\n\n\n<div class=\"wp-block-column is-layout-flow wp-container-core-column-is-layout-6b73ce23 wp-block-column-is-layout-flow\">\n<figure class=\"wp-block-image size-large\"><img decoding=\"async\" src=\"https:\/\/bookingdehoteles.com\/wp-content\/themes\/astra\/inc\/assets\/images\/starter-content\/professional.svg\" alt=\"\" class=\"wp-image-163\"\/><\/figure>\n\n\n\n<h3 class=\"wp-block-heading\" style=\"margin-top:16px\">PROFESIONAL<\/h3>\n\n\n\n<p>Contamos con un equipo <strong>profesional<\/strong> que trabaja con la m\u00e1s alta calidad y compromiso, asegurando que cada reserva sea eficiente, segura y completamente adaptada a tus necesidades.<\/p>\n<\/div>\n\n\n\n<div class=\"wp-block-column is-layout-flow wp-container-core-column-is-layout-6b73ce23 wp-block-column-is-layout-flow\">\n<figure class=\"wp-block-image size-large\"><img decoding=\"async\" src=\"https:\/\/bookingdehoteles.com\/wp-content\/themes\/astra\/inc\/assets\/images\/starter-content\/support.svg\" alt=\"\" class=\"wp-image-164\"\/><\/figure>\n\n\n\n<h3 class=\"wp-block-heading\" style=\"margin-top:16px\">SOPORTE<\/h3>\n\n\n\n<p>nuestro <strong>soporte<\/strong> est\u00e1 disponible para ti en todo momento. Ya sea que necesites asistencia antes, durante o despu\u00e9s de tu viaje<\/p>\n<\/div>\n<\/div>\n<\/div>\n\n\n\n<div class=\"wp-block-group alignfull has-background is-layout-constrained wp-container-core-group-is-layout-cfcca693 wp-block-group-is-layout-constrained\" id=\"contact\" style=\"background:linear-gradient(35deg,rgb(6,0,151) 0%,rgb(130,4,255) 64%,rgb(193,15,255) 98%);padding-top:104px;padding-bottom:104px\">\n<h2 class=\"wp-block-heading has-text-align-center has-text-color\" style=\"color:#ffffff\">LLAMA AHORA<br>800 062 4012<\/h2>\n\n\n\n<div class=\"wp-block-buttons alignwide is-horizontal is-content-justification-center is-layout-flex wp-container-core-buttons-is-layout-bba8380a wp-block-buttons-is-layout-flex\" style=\"margin-top:50px\">\n<div class=\"wp-block-button\"><a class=\"wp-block-button__link wp-element-button\">RESERVA AHORA<\/a><\/div>\n<\/div>\n<\/div>\n\n\n\n<p><\/p>\n","protected":false},"excerpt":{"rendered":"<p>HOTELES Tu estancia en un hotelde 5 Estrellas RESERVA EN LINEA Puedes reserva tu estancia contactandonos ahora mismo. MEMBRESIA Contamos [&hellip;]<\/p>\n","protected":false},"author":1,"featured_media":0,"parent":0,"menu_order":0,"comment_status":"closed","ping_status":"closed","template":"","meta":{"site-sidebar-layout":"no-sidebar","site-content-layout":"plain-container","ast-site-content-layout":"","site-content-style":"default","site-sidebar-style":"default","ast-global-header-display":"","ast-banner-title-visibility":"","ast-main-header-display":"","ast-hfb-above-header-display":"","ast-hfb-below-header-display":"","ast-hfb-mobile-header-display":"","site-post-title":"disabled","ast-breadcrumbs-content":"","ast-featured-img":"","footer-sml-layout":"","theme-transparent-header-meta":"enabled","adv-header-id-meta":"","stick-header-meta":"","header-above-stick-meta":"","header-main-stick-meta":"","header-below-stick-meta":"","astra-migrate-meta-layouts":"default","ast-page-background-enabled":"default","ast-page-background-meta":{"desktop":{"background-color":"var(--ast-global-color-5)","background-image":"","background-repeat":"repeat","background-position":"center center","background-size":"auto","background-attachment":"scroll","background-type":"","background-media":"","overlay-type":"","overlay-color":"","overlay-opacity":"","overlay-gradient":""},"tablet":{"background-color":"","background-image":"","background-repeat":"repeat","background-position":"center center","background-size":"auto","background-attachment":"scroll","background-type":"","background-media":"","overlay-type":"","overlay-color":"","overlay-opacity":"","overlay-gradient":""},"mobile":{"background-color":"","background-image":"","background-repeat":"repeat","background-position":"center center","background-size":"auto","background-attachment":"scroll","background-type":"","background-media":"","overlay-type":"","overlay-color":"","overlay-opacity":"","overlay-gradient":""}},"ast-content-background-meta":{"desktop":{"background-color":"var(--ast-global-color-4)","background-image":"","background-repeat":"repeat","background-position":"center center","background-size":"auto","background-attachment":"scroll","background-type":"","background-media":"","overlay-type":"","overlay-color":"","overlay-opacity":"","overlay-gradient":""},"tablet":{"background-color":"var(--ast-global-color-4)","background-image":"","background-repeat":"repeat","background-position":"center center","background-size":"auto","background-attachment":"scroll","background-type":"","background-media":"","overlay-type":"","overlay-color":"","overlay-opacity":"","overlay-gradient":""},"mobile":{"background-color":"var(--ast-global-color-4)","background-image":"","background-repeat":"repeat","background-position":"center center","background-size":"auto","background-attachment":"scroll","background-type":"","background-media":"","overlay-type":"","overlay-color":"","overlay-opacity":"","overlay-gradient":""}},"footnotes":""},"class_list":["post-7","page","type-page","status-publish","hentry"],"_links":{"self":[{"href":"https:\/\/bookingdehoteles.com\/index.php?rest_route=\/wp\/v2\/pages\/7","targetHints":{"allow":["GET"]}}],"collection":[{"href":"https:\/\/bookingdehoteles.com\/index.php?rest_route=\/wp\/v2\/pages"}],"about":[{"href":"https:\/\/bookingdehoteles.com\/index.php?rest_route=\/wp\/v2\/types\/page"}],"author":[{"embeddable":true,"href":"https:\/\/bookingdehoteles.com\/index.php?rest_route=\/wp\/v2\/users\/1"}],"replies":[{"embeddable":true,"href":"https:\/\/bookingdehoteles.com\/index.php?rest_route=%2Fwp%2Fv2%2Fcomments&post=7"}],"version-history":[{"count":7,"href":"https:\/\/bookingdehoteles.com\/index.php?rest_route=\/wp\/v2\/pages\/7\/revisions"}],"predecessor-version":[{"id":34,"href":"https:\/\/bookingdehoteles.com\/index.php?rest_route=\/wp\/v2\/pages\/7\/revisions\/34"}],"wp:attachment":[{"href":"https:\/\/bookingdehoteles.com\/index.php?rest_route=%2Fwp%2Fv2%2Fmedia&parent=7"}],"curies":[{"name":"wp","href":"https:\/\/api.w.org\/{rel}","templated":true}]}}